{"id":16640,"date":"2020-07-27T12:48:53","date_gmt":"2020-07-27T10:48:53","guid":{"rendered":"http:\/\/www.sportbilder.se\/?page_id=16640"},"modified":"2020-07-27T12:53:41","modified_gmt":"2020-07-27T10:53:41","slug":"pitea-if-vaxjo-2020-07-25-0-1","status":"publish","type":"page","link":"https:\/\/www.sportbilder.se\/?page_id=16640","title":{"rendered":"Pite\u00e5 IF &#8211; V\u00e4xj\u00f6 2020-07-25; 0-1"},"content":{"rendered":"\nngg_shortcode_0_placeholder\n","protected":false},"excerpt":{"rendered":"","protected":false},"author":1,"featured_media":0,"parent":0,"menu_order":0,"comment_status":"closed","ping_status":"closed","template":"","meta":{"ngg_post_thumbnail":0,"footnotes":""},"class_list":["post-16640","page","type-page","status-publish","hentry"],"_links":{"self":[{"href":"https:\/\/www.sportbilder.se\/index.php?rest_route=\/wp\/v2\/pages\/16640"}],"collection":[{"href":"https:\/\/www.sportbilder.se\/index.php?rest_route=\/wp\/v2\/pages"}],"about":[{"href":"https:\/\/www.sportbilder.se\/index.php?rest_route=\/wp\/v2\/types\/page"}],"author":[{"embeddable":true,"href":"https:\/\/www.sportbilder.se\/index.php?rest_route=\/wp\/v2\/users\/1"}],"replies":[{"embeddable":true,"href":"https:\/\/www.sportbilder.se\/index.php?rest_route=%2Fwp%2Fv2%2Fcomments&post=16640"}],"version-history":[{"count":2,"href":"https:\/\/www.sportbilder.se\/index.php?rest_route=\/wp\/v2\/pages\/16640\/revisions"}],"predecessor-version":[{"id":16700,"href":"https:\/\/www.sportbilder.se\/index.php?rest_route=\/wp\/v2\/pages\/16640\/revisions\/16700"}],"wp:attachment":[{"href":"https:\/\/www.sportbilder.se\/index.php?rest_route=%2Fwp%2Fv2%2Fmedia&parent=16640"}],"curies":[{"name":"wp","href":"https:\/\/api.w.org\/{rel}","templated":true}]}}