{"id":8315,"date":"2017-05-05T06:12:06","date_gmt":"2017-05-05T04:12:06","guid":{"rendered":"http:\/\/www.sportbilder.se\/?page_id=8315"},"modified":"2017-05-05T06:36:56","modified_gmt":"2017-05-05T04:36:56","slug":"bc-lulea-sodertalje-kings-2017-05-02","status":"publish","type":"page","link":"https:\/\/www.sportbilder.se\/?page_id=8315","title":{"rendered":"BC Lule\u00e5 &#8211; S\u00f6dert\u00e4lje Kings 2017-05-02"},"content":{"rendered":"ngg_shortcode_0_placeholder\n","protected":false},"excerpt":{"rendered":"<p>&#8221; order_by=&#8221;sortorder&#8221; order_direction=&#8221;ASC&#8221; returns=&#8221;included&#8221; maximum_entity_count=&#8221;900&#8243;]<\/p>\n","protected":false},"author":1,"featured_media":0,"parent":0,"menu_order":0,"comment_status":"closed","ping_status":"closed","template":"","meta":{"ngg_post_thumbnail":0,"footnotes":""},"class_list":["post-8315","page","type-page","status-publish","hentry"],"_links":{"self":[{"href":"https:\/\/www.sportbilder.se\/index.php?rest_route=\/wp\/v2\/pages\/8315"}],"collection":[{"href":"https:\/\/www.sportbilder.se\/index.php?rest_route=\/wp\/v2\/pages"}],"about":[{"href":"https:\/\/www.sportbilder.se\/index.php?rest_route=\/wp\/v2\/types\/page"}],"author":[{"embeddable":true,"href":"https:\/\/www.sportbilder.se\/index.php?rest_route=\/wp\/v2\/users\/1"}],"replies":[{"embeddable":true,"href":"https:\/\/www.sportbilder.se\/index.php?rest_route=%2Fwp%2Fv2%2Fcomments&post=8315"}],"version-history":[{"count":2,"href":"https:\/\/www.sportbilder.se\/index.php?rest_route=\/wp\/v2\/pages\/8315\/revisions"}],"predecessor-version":[{"id":8367,"href":"https:\/\/www.sportbilder.se\/index.php?rest_route=\/wp\/v2\/pages\/8315\/revisions\/8367"}],"wp:attachment":[{"href":"https:\/\/www.sportbilder.se\/index.php?rest_route=%2Fwp%2Fv2%2Fmedia&parent=8315"}],"curies":[{"name":"wp","href":"https:\/\/api.w.org\/{rel}","templated":true}]}}